{"id":353,"date":"2024-10-01T14:31:24","date_gmt":"2024-10-01T14:31:24","guid":{"rendered":"https:\/\/succesphire.de\/?page_id=353"},"modified":"2026-04-15T16:19:33","modified_gmt":"2026-04-15T16:19:33","slug":"impressum","status":"publish","type":"page","link":"https:\/\/succesphire.de\/de\/impressum\/","title":{"rendered":"Impressum"},"content":{"rendered":"\t\t<div data-elementor-type=\"wp-page\" data-elementor-id=\"353\" class=\"elementor elementor-353 elementor-130\" data-elementor-post-type=\"page\">\n\t\t\t\t<div class=\"elementor-element elementor-element-4a7c89e0 e-flex e-con-boxed e-con e-parent\" data-id=\"4a7c89e0\" data-element_type=\"container\" data-e-type=\"container\" data-settings=\"{&quot;background_background&quot;:&quot;classic&quot;}\">\n\t\t\t\t\t<div class=\"e-con-inner\">\n\t\t<div class=\"elementor-element elementor-element-6289177b e-con-full e-flex e-con e-child\" data-id=\"6289177b\" data-element_type=\"container\" data-e-type=\"container\">\n\t\t\t\t<div class=\"elementor-element elementor-element-437ec1e6 elementor-widget elementor-widget-heading\" data-id=\"437ec1e6\" data-element_type=\"widget\" data-e-type=\"widget\" data-widget_type=\"heading.default\">\n\t\t\t\t<div class=\"elementor-widget-container\">\n\t\t\t\t\t<h1 class=\"elementor-heading-title elementor-size-default\">Impressum<\/h1>\t\t\t\t<\/div>\n\t\t\t\t<\/div>\n\t\t\t\t<div class=\"elementor-element elementor-element-618b78cf elementor-widget__width-initial elementor-widget elementor-widget-text-editor\" data-id=\"618b78cf\" data-element_type=\"widget\" data-e-type=\"widget\" data-widget_type=\"text-editor.default\">\n\t\t\t\t<div class=\"elementor-widget-container\">\n\t\t\t\t\t\t\t\t\t<p>The legal transformation Expert<\/p>\t\t\t\t\t\t\t\t<\/div>\n\t\t\t\t<\/div>\n\t\t\t\t<div class=\"elementor-element elementor-element-5badc554 elementor-widget-divider--view-line elementor-widget elementor-widget-divider\" data-id=\"5badc554\" data-element_type=\"widget\" data-e-type=\"widget\" data-widget_type=\"divider.default\">\n\t\t\t\t<div class=\"elementor-widget-container\">\n\t\t\t\t\t\t\t<div class=\"elementor-divider\">\n\t\t\t<span class=\"elementor-divider-separator\">\n\t\t\t\t\t\t<\/span>\n\t\t<\/div>\n\t\t\t\t\t\t<\/div>\n\t\t\t\t<\/div>\n\t\t\t\t<div class=\"elementor-element elementor-element-1c7a1792 elementor-widget elementor-widget-text-editor\" data-id=\"1c7a1792\" data-element_type=\"widget\" data-e-type=\"widget\" data-widget_type=\"text-editor.default\">\n\t\t\t\t<div class=\"elementor-widget-container\">\n\t\t\t\t\t\t\t\t\t<p>Angaben gem\u00e4\u00df \u00a7 5 des deutschen Telemediengesetzes<\/p>\t\t\t\t\t\t\t\t<\/div>\n\t\t\t\t<\/div>\n\t\t\t\t<\/div>\n\t\t\t\t\t<\/div>\n\t\t\t\t<\/div>\n\t\t<div class=\"elementor-element elementor-element-b9dc398 e-flex e-con-boxed e-con e-parent\" data-id=\"b9dc398\" data-element_type=\"container\" data-e-type=\"container\">\n\t\t\t\t\t<div class=\"e-con-inner\">\n\t\t\t\t<div class=\"elementor-element elementor-element-b4fcb28 elementor-widget elementor-widget-text-editor\" data-id=\"b4fcb28\" data-element_type=\"widget\" data-e-type=\"widget\" data-widget_type=\"text-editor.default\">\n\t\t\t\t<div class=\"elementor-widget-container\">\n\t\t\t\t\t\t\t\t\t<p><span style=\"color: #9f9078;\"><strong>Succesphire GmbH<\/strong><\/span><br \/>S\u00fcdliche M\u00fcnchner Str. 42a<br \/>82031 Gr\u00fcnwald<br \/>Deutschland<\/p><p><span style=\"color: #9f9078;\"><strong>Handelsregister:<\/strong><\/span> 286975<br \/><span style=\"color: #9f9078;\"><strong>Registergericht:<\/strong><\/span> M\u00fcnchen<\/p><p><span style=\"color: #9f9078;\"><strong>Umsatzsteuer-Identifikationsnummer gem. \u00a7 27a UStG:<\/strong><\/span><br data-start=\"51\" data-end=\"54\" \/><span style=\"color: #000000;\">DE363 119 486<\/span><\/p><p><span style=\"color: #9f9078;\"><strong>Vertreten durch:<\/strong><\/span><br \/><span style=\"color: #000000;\">Christian Hudeg<\/span><\/p><p><span style=\"color: #9f9078;\"><strong>Kontakt<\/strong><\/span><br \/><span style=\"color: #000000;\">Telefon: +49 1511 1808252<\/span><br \/><span style=\"color: #000000;\">E-Mail: contact@succesphire.com<\/span><\/p><p><span style=\"color: #9f9078;\"><strong>Redaktionell verantwortlich<\/strong><\/span><br \/><span style=\"color: #000000;\">Christian Hudeg<\/span><\/p><p><span style=\"color: #9f9078;\"><strong>EU-Streitschlichtung<\/strong><\/span><br \/><span style=\"color: #000000;\">Die Europ\u00e4ische Kommission stellt eine Plattform zur Online-Streitbeilegung (OS) bereit: <a style=\"color: #000000;\" href=\"https:\/\/ec.europa.eu\/consumers\/odr\/\" target=\"_blank\" rel=\"noopener noreferrer\">https:\/\/ec.europa.eu\/consumers\/odr\/<\/a>.<\/span><br \/><span style=\"color: #000000;\">Unsere E-Mail-Adresse finden Sie oben im Impressum.<\/span><\/p><p><span style=\"color: #9f9078;\"><strong>Verbraucher\u00adstreit\u00adbeilegung\/Universal\u00adschlichtungs\u00adstelle<\/strong><\/span><br \/><span style=\"color: #000000;\">Wir sind nicht bereit oder verpflichtet, an Streitbeilegungsverfahren vor einer Verbraucherschlichtungsstelle teilzunehmen.<\/span><\/p>\t\t\t\t\t\t\t\t<\/div>\n\t\t\t\t<\/div>\n\t\t\t\t\t<\/div>\n\t\t\t\t<\/div>\n\t\t\t\t<\/div>\n\t\t","protected":false},"excerpt":{"rendered":"<p>Impressum The legal transformation Expert Angaben gem\u00e4\u00df \u00a7 5 des deutschen Telemediengesetzes Succesphire GmbHS\u00fcdliche M\u00fcnchner Str. 42a82031 Gr\u00fcnwaldDeutschland Handelsregister: 286975Registergericht: M\u00fcnchen Umsatzsteuer-Identifikationsnummer gem. \u00a7 27a UStG:DE363 119 486 Vertreten durch:Christian Hudeg KontaktTelefon: +49 1511 1808252E-Mail: contact@succesphire.com Redaktionell verantwortlichChristian Hudeg EU-StreitschlichtungDie Europ\u00e4ische Kommission stellt eine Plattform zur Online-Streitbeilegung (OS) bereit: https:\/\/ec.europa.eu\/consumers\/odr\/.Unsere E-Mail-Adresse finden Sie oben im<\/p>\n<div class=\"more-link\">\n\t\t\t\t <a href=\"https:\/\/succesphire.de\/de\/impressum\/\" class=\"theme-btn\"><span>Continue Reading<\/span><\/a>\n\t\t\t<\/div>\n","protected":false},"author":2,"featured_media":0,"parent":0,"menu_order":0,"comment_status":"closed","ping_status":"closed","template":"","meta":{"footnotes":""},"class_list":["post-353","page","type-page","status-publish","hentry"],"yoast_head":"<!-- This site is optimized with the Yoast SEO plugin v27.4 - https:\/\/yoast.com\/product\/yoast-seo-wordpress\/ -->\n<title>Impressum - Succesphire<\/title>\n<meta name=\"robots\" content=\"index, follow, max-snippet:-1, max-image-preview:large, max-video-preview:-1\" \/>\n<link rel=\"canonical\" href=\"https:\/\/succesphire.de\/de\/impressum\/\" \/>\n<meta property=\"og:locale\" content=\"de_DE\" \/>\n<meta property=\"og:type\" content=\"article\" \/>\n<meta property=\"og:title\" content=\"Impressum - Succesphire\" \/>\n<meta property=\"og:description\" content=\"Impressum The legal transformation Expert Angaben gem\u00e4\u00df \u00a7 5 des deutschen Telemediengesetzes Succesphire GmbHS\u00fcdliche M\u00fcnchner Str. 42a82031 Gr\u00fcnwaldDeutschland Handelsregister: 286975Registergericht: M\u00fcnchen Umsatzsteuer-Identifikationsnummer gem. \u00a7 27a UStG:DE363 119 486 Vertreten durch:Christian Hudeg KontaktTelefon: +49 1511 1808252E-Mail: contact@succesphire.com Redaktionell verantwortlichChristian Hudeg EU-StreitschlichtungDie Europ\u00e4ische Kommission stellt eine Plattform zur Online-Streitbeilegung (OS) bereit: https:\/\/ec.europa.eu\/consumers\/odr\/.Unsere E-Mail-Adresse finden Sie oben im    Continue Reading\" \/>\n<meta property=\"og:url\" content=\"https:\/\/succesphire.de\/de\/impressum\/\" \/>\n<meta property=\"og:site_name\" content=\"Succesphire\" \/>\n<meta property=\"article:modified_time\" content=\"2026-04-15T16:19:33+00:00\" \/>\n<meta name=\"twitter:card\" content=\"summary_large_image\" \/>\n<meta name=\"twitter:label1\" content=\"Gesch\u00e4tzte Lesezeit\" \/>\n\t<meta name=\"twitter:data1\" content=\"1 Minute\" \/>\n<script type=\"application\/ld+json\" class=\"yoast-schema-graph\">{\"@context\":\"https:\\\/\\\/schema.org\",\"@graph\":[{\"@type\":\"WebPage\",\"@id\":\"https:\\\/\\\/succesphire.de\\\/de\\\/impressum\\\/\",\"url\":\"https:\\\/\\\/succesphire.de\\\/de\\\/impressum\\\/\",\"name\":\"Impressum - Succesphire\",\"isPartOf\":{\"@id\":\"https:\\\/\\\/succesphire.de\\\/de\\\/#website\"},\"datePublished\":\"2024-10-01T14:31:24+00:00\",\"dateModified\":\"2026-04-15T16:19:33+00:00\",\"breadcrumb\":{\"@id\":\"https:\\\/\\\/succesphire.de\\\/de\\\/impressum\\\/#breadcrumb\"},\"inLanguage\":\"de\",\"potentialAction\":[{\"@type\":\"ReadAction\",\"target\":[\"https:\\\/\\\/succesphire.de\\\/de\\\/impressum\\\/\"]}]},{\"@type\":\"BreadcrumbList\",\"@id\":\"https:\\\/\\\/succesphire.de\\\/de\\\/impressum\\\/#breadcrumb\",\"itemListElement\":[{\"@type\":\"ListItem\",\"position\":1,\"name\":\"Startseite\",\"item\":\"https:\\\/\\\/succesphire.de\\\/de\\\/\"},{\"@type\":\"ListItem\",\"position\":2,\"name\":\"Impressum\"}]},{\"@type\":\"WebSite\",\"@id\":\"https:\\\/\\\/succesphire.de\\\/de\\\/#website\",\"url\":\"https:\\\/\\\/succesphire.de\\\/de\\\/\",\"name\":\"Succesphire GmbH\",\"description\":\"THE LEGAL TRANSFORMATION EXPERT\",\"publisher\":{\"@id\":\"https:\\\/\\\/succesphire.de\\\/de\\\/#organization\"},\"alternateName\":\"Succesphire\",\"potentialAction\":[{\"@type\":\"SearchAction\",\"target\":{\"@type\":\"EntryPoint\",\"urlTemplate\":\"https:\\\/\\\/succesphire.de\\\/de\\\/?s={search_term_string}\"},\"query-input\":{\"@type\":\"PropertyValueSpecification\",\"valueRequired\":true,\"valueName\":\"search_term_string\"}}],\"inLanguage\":\"de\"},{\"@type\":\"Organization\",\"@id\":\"https:\\\/\\\/succesphire.de\\\/de\\\/#organization\",\"name\":\"Succesphire GmbH\",\"url\":\"https:\\\/\\\/succesphire.de\\\/de\\\/\",\"logo\":{\"@type\":\"ImageObject\",\"inLanguage\":\"de\",\"@id\":\"https:\\\/\\\/succesphire.de\\\/de\\\/#\\\/schema\\\/logo\\\/image\\\/\",\"url\":\"https:\\\/\\\/succesphire.de\\\/wp-content\\\/uploads\\\/2024\\\/10\\\/Logo10.png\",\"contentUrl\":\"https:\\\/\\\/succesphire.de\\\/wp-content\\\/uploads\\\/2024\\\/10\\\/Logo10.png\",\"width\":3874,\"height\":946,\"caption\":\"Succesphire GmbH\"},\"image\":{\"@id\":\"https:\\\/\\\/succesphire.de\\\/de\\\/#\\\/schema\\\/logo\\\/image\\\/\"}}]}<\/script>\n<!-- \/ Yoast SEO plugin. -->","yoast_head_json":{"title":"Impressum - Succesphire","robots":{"index":"index","follow":"follow","max-snippet":"max-snippet:-1","max-image-preview":"max-image-preview:large","max-video-preview":"max-video-preview:-1"},"canonical":"https:\/\/succesphire.de\/de\/impressum\/","og_locale":"de_DE","og_type":"article","og_title":"Impressum - Succesphire","og_description":"Impressum The legal transformation Expert Angaben gem\u00e4\u00df \u00a7 5 des deutschen Telemediengesetzes Succesphire GmbHS\u00fcdliche M\u00fcnchner Str. 42a82031 Gr\u00fcnwaldDeutschland Handelsregister: 286975Registergericht: M\u00fcnchen Umsatzsteuer-Identifikationsnummer gem. \u00a7 27a UStG:DE363 119 486 Vertreten durch:Christian Hudeg KontaktTelefon: +49 1511 1808252E-Mail: contact@succesphire.com Redaktionell verantwortlichChristian Hudeg EU-StreitschlichtungDie Europ\u00e4ische Kommission stellt eine Plattform zur Online-Streitbeilegung (OS) bereit: https:\/\/ec.europa.eu\/consumers\/odr\/.Unsere E-Mail-Adresse finden Sie oben im    Continue Reading","og_url":"https:\/\/succesphire.de\/de\/impressum\/","og_site_name":"Succesphire","article_modified_time":"2026-04-15T16:19:33+00:00","twitter_card":"summary_large_image","twitter_misc":{"Gesch\u00e4tzte Lesezeit":"1 Minute"},"schema":{"@context":"https:\/\/schema.org","@graph":[{"@type":"WebPage","@id":"https:\/\/succesphire.de\/de\/impressum\/","url":"https:\/\/succesphire.de\/de\/impressum\/","name":"Impressum - Succesphire","isPartOf":{"@id":"https:\/\/succesphire.de\/de\/#website"},"datePublished":"2024-10-01T14:31:24+00:00","dateModified":"2026-04-15T16:19:33+00:00","breadcrumb":{"@id":"https:\/\/succesphire.de\/de\/impressum\/#breadcrumb"},"inLanguage":"de","potentialAction":[{"@type":"ReadAction","target":["https:\/\/succesphire.de\/de\/impressum\/"]}]},{"@type":"BreadcrumbList","@id":"https:\/\/succesphire.de\/de\/impressum\/#breadcrumb","itemListElement":[{"@type":"ListItem","position":1,"name":"Startseite","item":"https:\/\/succesphire.de\/de\/"},{"@type":"ListItem","position":2,"name":"Impressum"}]},{"@type":"WebSite","@id":"https:\/\/succesphire.de\/de\/#website","url":"https:\/\/succesphire.de\/de\/","name":"Succesphire GmbH","description":"THE LEGAL TRANSFORMATION EXPERT","publisher":{"@id":"https:\/\/succesphire.de\/de\/#organization"},"alternateName":"Succesphire","potentialAction":[{"@type":"SearchAction","target":{"@type":"EntryPoint","urlTemplate":"https:\/\/succesphire.de\/de\/?s={search_term_string}"},"query-input":{"@type":"PropertyValueSpecification","valueRequired":true,"valueName":"search_term_string"}}],"inLanguage":"de"},{"@type":"Organization","@id":"https:\/\/succesphire.de\/de\/#organization","name":"Succesphire GmbH","url":"https:\/\/succesphire.de\/de\/","logo":{"@type":"ImageObject","inLanguage":"de","@id":"https:\/\/succesphire.de\/de\/#\/schema\/logo\/image\/","url":"https:\/\/succesphire.de\/wp-content\/uploads\/2024\/10\/Logo10.png","contentUrl":"https:\/\/succesphire.de\/wp-content\/uploads\/2024\/10\/Logo10.png","width":3874,"height":946,"caption":"Succesphire GmbH"},"image":{"@id":"https:\/\/succesphire.de\/de\/#\/schema\/logo\/image\/"}}]}},"_links":{"self":[{"href":"https:\/\/succesphire.de\/de\/wp-json\/wp\/v2\/pages\/353","targetHints":{"allow":["GET"]}}],"collection":[{"href":"https:\/\/succesphire.de\/de\/wp-json\/wp\/v2\/pages"}],"about":[{"href":"https:\/\/succesphire.de\/de\/wp-json\/wp\/v2\/types\/page"}],"author":[{"embeddable":true,"href":"https:\/\/succesphire.de\/de\/wp-json\/wp\/v2\/users\/2"}],"replies":[{"embeddable":true,"href":"https:\/\/succesphire.de\/de\/wp-json\/wp\/v2\/comments?post=353"}],"version-history":[{"count":35,"href":"https:\/\/succesphire.de\/de\/wp-json\/wp\/v2\/pages\/353\/revisions"}],"predecessor-version":[{"id":1603,"href":"https:\/\/succesphire.de\/de\/wp-json\/wp\/v2\/pages\/353\/revisions\/1603"}],"wp:attachment":[{"href":"https:\/\/succesphire.de\/de\/wp-json\/wp\/v2\/media?parent=353"}],"curies":[{"name":"wp","href":"https:\/\/api.w.org\/{rel}","templated":true}]}}